{"id":30,"date":"2025-12-08T10:56:31","date_gmt":"2025-12-08T10:56:31","guid":{"rendered":"https:\/\/vlerastudio.com\/?page_id=30"},"modified":"2025-12-09T09:49:19","modified_gmt":"2025-12-09T09:49:19","slug":"sherbimet-tona","status":"publish","type":"page","link":"https:\/\/vlerastudio.com\/?page_id=30","title":{"rendered":"Sherbimet Tona"},"content":{"rendered":"\n<main class=\"wp-block-group animated fadeInUp service-section has-background has-global-padding is-layout-constrained wp-container-core-group-is-layout-322c0e5d wp-block-group-is-layout-constrained\" style=\"background:linear-gradient(180deg,rgb(0,30,26) 0%,rgb(48,48,48) 100%);margin-top:0;margin-bottom:0;padding-top:var(--wp--preset--spacing--50);padding-right:0;padding-bottom:var(--wp--preset--spacing--50);padding-left:0\">\n<div class=\"wp-block-group is-layout-flow wp-block-group-is-layout-flow\" style=\"padding-right:25px;padding-left:25px\">\n<div class=\"wp-block-group has-global-padding is-layout-constrained wp-container-core-group-is-layout-e4eaaeb1 wp-block-group-is-layout-constrained\">\n<p class=\"has-text-align-center consultingwp-sub-title\"><strong>Sherbimet Tona<\/strong><\/p>\n\n\n\n<h2 class=\"wp-block-heading has-text-align-center has-heading-text-color-color has-text-color has-link-color has-body-font-family wp-elements-38530ff69dac0abf258fa6d908c61d16\" style=\"font-size:clamp(20px, 1.25rem + ((1vw - 3.2px) * 1.176), 32px);font-style:normal;font-weight:600\">Sh\u00ebrbimet e Konsulenc\u00ebs q\u00eb Ofrojm\u00eb<\/h2>\n\n\n\n<p class=\"has-text-align-center\" style=\"font-size:clamp(14px, 0.875rem + ((1vw - 3.2px) * 0.196), 16px);\">Vlera Studio ofron nj\u00eb gam\u00eb t\u00eb gjer\u00eb sh\u00ebrbimesh konsulence t\u00eb orientuara drejt rritjes, efikasitetit dhe siguris\u00eb s\u00eb biznesit tuaj. Nga strategjia dhe menaxhimi, te financat, marketingu dhe burimet njer\u00ebzore, ne ofrojm\u00eb zgjidhje t\u00eb personalizuara q\u00eb adresojn\u00eb nevojat tuaja specifike dhe krijojn\u00eb vler\u00eb t\u00eb q\u00ebndrueshme n\u00eb \u00e7do hap.<\/p>\n<\/div>\n<\/div>\n\n\n\n<div class=\"wp-block-columns is-layout-flex wp-container-core-columns-is-layout-28f84493 wp-block-columns-is-layout-flex\">\n<div class=\"wp-block-column is-layout-flow wp-block-column-is-layout-flow\"><\/div>\n<\/div>\n<\/main>\n\n\n\n<div class=\"wp-block-columns is-layout-flex wp-container-core-columns-is-layout-69cf8084 wp-block-columns-is-layout-flex\" style=\"margin-top:var(--wp--preset--spacing--40)\">\n<div class=\"wp-block-column has-border-radius o-anim-hover has-background is-layout-flow wp-block-column-is-layout-flow\" style=\"background:linear-gradient(180deg,rgb(1,50,50) 0%,rgb(22,22,22) 100%);padding-top:20px;padding-right:20px;padding-bottom:20px;padding-left:20px\">\n<figure class=\"wp-block-image size-full has-primary-bg\"><img decoding=\"async\" src=\"https:\/\/vlerastudio.com\/wp-content\/themes\/consultingwp\/assets\/images\/book.png\" alt=\"\" class=\"wp-image-13043\"\/><\/figure>\n\n\n\n<h2 class=\"wp-block-heading has-heading-text-color-color has-text-color has-link-color wp-elements-329a810896703638698b94143aa54c3c\" style=\"font-size:clamp(14px, 0.875rem + ((1vw - 3.2px) * 0.392), 18px);font-style:normal;font-weight:600\">Konsulenc\u00eb Strategjike<\/h2>\n\n\n\n<p style=\"font-size:clamp(14px, 0.875rem + ((1vw - 3.2px) * 0.196), 16px);\">N\u00eb Vlera Studio ofrojm\u00eb k\u00ebshillim strategjik t\u00eb specializuar p\u00ebr t\u00eb ndihmuar klient\u00ebt tan\u00eb t\u00eb marrin vendime t\u00eb mb\u00ebshtetura n\u00eb analiz\u00eb dhe vizion afatgjat\u00eb. Ne hartojm\u00eb strategji t\u00eb personalizuara q\u00eb forcojn\u00eb pozicionin juridik, optimizojn\u00eb proceset e brendshme dhe minimizojn\u00eb rreziqet. Me qasje analitike dhe p\u00ebrvoj\u00eb t\u00eb thell\u00eb ligjore, sigurojm\u00eb zgjidhje t\u00eb qarta dhe t\u00eb zbatueshme q\u00eb i mund\u00ebsojn\u00eb \u00e7do klienti t\u00eb l\u00ebviz\u00eb me siguri drejt objektivave t\u00eb tij.<\/p>\n<\/div>\n\n\n\n<div class=\"wp-block-column has-border-radius o-anim-hover has-background is-layout-flow wp-block-column-is-layout-flow\" style=\"background:linear-gradient(180deg,rgb(30,30,78) 0%,rgb(20,20,20) 100%);padding-top:20px;padding-right:20px;padding-bottom:20px;padding-left:20px\">\n<figure class=\"wp-block-image size-full has-primary-bg\"><img decoding=\"async\" src=\"https:\/\/vlerastudio.com\/wp-content\/themes\/consultingwp\/assets\/images\/signal.png\" alt=\"\" class=\"wp-image-13044\"\/><\/figure>\n\n\n\n<h2 class=\"wp-block-heading has-heading-text-color-color has-text-color has-link-color wp-elements-12565e801e7bfee49029c713d068b900\" style=\"font-size:clamp(14px, 0.875rem + ((1vw - 3.2px) * 0.392), 18px);font-style:normal;font-weight:600\">Konsulenc\u00eb Marketingu<\/h2>\n\n\n\n<p style=\"font-size:clamp(14px, 0.875rem + ((1vw - 3.2px) * 0.196), 16px);\">Vlera Studio ofron k\u00ebshillim strategjik n\u00eb fush\u00ebn e marketingut p\u00ebr t\u00eb ndihmuar bizneset dhe profesionist\u00ebt t\u00eb nd\u00ebrtojn\u00eb nj\u00eb identitet t\u00eb q\u00ebndruesh\u00ebm dhe t\u00eb besuesh\u00ebm n\u00eb treg. Ne analizojm\u00eb pozicionimin aktual, p\u00ebrcaktojm\u00eb objektivat e komunikimit dhe zhvillojm\u00eb strategji t\u00eb personalizuara p\u00ebr rritjen e prezenc\u00ebs dhe reputacionit. Qasja jon\u00eb e integruar siguron q\u00eb mesazhet t\u00eb jen\u00eb koherente, profesionale dhe t\u00eb p\u00ebrputhura me objektivat juridike dhe t\u00eb biznesit t\u00eb klientit.<\/p>\n<\/div>\n\n\n\n<div class=\"wp-block-column has-border-radius o-anim-hover has-background is-layout-flow wp-block-column-is-layout-flow\" style=\"background:linear-gradient(135deg,rgb(0,30,44) 0%,rgb(37,23,48) 100%);padding-top:20px;padding-right:20px;padding-bottom:20px;padding-left:20px\">\n<figure class=\"wp-block-image size-full has-primary-bg\"><img decoding=\"async\" src=\"https:\/\/vlerastudio.com\/wp-content\/themes\/consultingwp\/assets\/images\/chart.png\" alt=\"\" class=\"wp-image-13045\"\/><\/figure>\n\n\n\n<h2 class=\"wp-block-heading has-heading-text-color-color has-text-color has-link-color wp-elements-3adee95503e364cf9c6995faad5f09a1\" style=\"font-size:clamp(14px, 0.875rem + ((1vw - 3.2px) * 0.392), 18px);font-style:normal;font-weight:600\">Konsulenc\u00eb Financiare<\/h2>\n\n\n\n<p style=\"font-size:clamp(14px, 0.875rem + ((1vw - 3.2px) * 0.196), 16px);\">Vlera Studio ofron k\u00ebshillim financiar t\u00eb orientuar drejt siguris\u00eb dhe q\u00ebndrueshm\u00ebris\u00eb s\u00eb klient\u00ebve tan\u00eb. Ne analizojm\u00eb strukturat financiare, identifikojm\u00eb rreziqet dhe propozojm\u00eb strategji t\u00eb personalizuara p\u00ebr optimizimin e kostove dhe rritjen e efikasitetit. Me nj\u00eb qasje t\u00eb bazuar n\u00eb transparenc\u00eb dhe sakt\u00ebsi, ndihmojm\u00eb klient\u00ebt t\u00eb marrin vendime t\u00eb informuara dhe t\u00eb nd\u00ebrtojn\u00eb nj\u00eb baz\u00eb t\u00eb fort\u00eb financiare p\u00ebr t\u00eb ardhmen.<\/p>\n<\/div>\n<\/div>\n\n\n\n<div class=\"wp-block-columns is-layout-flex wp-container-core-columns-is-layout-e27c1ab9 wp-block-columns-is-layout-flex\" style=\"margin-top:var(--wp--preset--spacing--10)\">\n<div class=\"wp-block-column has-border-radius has-background is-layout-flow wp-block-column-is-layout-flow\" style=\"background:linear-gradient(178deg,rgb(15,67,91) 0%,rgb(48,39,55) 100%);padding-top:20px;padding-right:20px;padding-bottom:20px;padding-left:20px\">\n<figure class=\"wp-block-image size-full has-primary-bg\"><img decoding=\"async\" src=\"https:\/\/vlerastudio.com\/wp-content\/themes\/consultingwp\/assets\/images\/list.png\" alt=\"\" class=\"wp-image-13046\"\/><\/figure>\n\n\n\n<h2 class=\"wp-block-heading has-heading-text-color-color has-text-color has-link-color wp-elements-37dccc4f00334330aaa699ad710ed345\" style=\"font-size:clamp(14px, 0.875rem + ((1vw - 3.2px) * 0.392), 18px);font-style:normal;font-weight:600\">Konsulenc\u00eb Operacionesh<\/h2>\n\n\n\n<p style=\"font-size:clamp(14px, 0.875rem + ((1vw - 3.2px) * 0.196), 16px);\">Vlera Studio ofron konsulenc\u00eb t\u00eb specializuar n\u00eb optimizimin e proceseve operative p\u00ebr bizneset q\u00eb k\u00ebrkojn\u00eb efikasitet dhe struktur\u00eb m\u00eb t\u00eb mir\u00eb t\u00eb funksionimit t\u00eb p\u00ebrditsh\u00ebm. Ne analizojm\u00eb rrjedh\u00ebn e pun\u00ebs, identifikojm\u00eb pengesat dhe zhvillojm\u00eb zgjidhje praktike p\u00ebr rritjen e produktivitetit dhe uljen e kostove. Qasja jon\u00eb mb\u00ebshtetet n\u00eb metodologji t\u00eb qarta dhe k\u00ebndv\u00ebshtrim ligjor, duke siguruar q\u00eb \u00e7do proces t\u00eb jet\u00eb nj\u00ebkoh\u00ebsisht efektiv dhe plot\u00ebsisht i p\u00ebrputhsh\u00ebm me standardet dhe rregulloret.<\/p>\n<\/div>\n\n\n\n<div class=\"wp-block-column has-border-radius has-background is-layout-flow wp-block-column-is-layout-flow\" style=\"background:linear-gradient(90deg,rgb(18,33,29) 2%,rgb(34,31,31) 46%,rgb(21,28,35) 100%);padding-top:20px;padding-right:20px;padding-bottom:20px;padding-left:20px\">\n<figure class=\"wp-block-image size-full is-resized has-primary-bg\"><img decoding=\"async\" src=\"https:\/\/vlerastudio.com\/wp-content\/themes\/consultingwp\/assets\/images\/address-book.png\" alt=\"\" class=\"wp-image-13042\" style=\"width:35px\"\/><\/figure>\n\n\n\n<h2 class=\"wp-block-heading has-heading-text-color-color has-text-color has-link-color wp-elements-345a7c3af1efb7fd0d61dcdbd8698749\" style=\"font-size:clamp(14px, 0.875rem + ((1vw - 3.2px) * 0.392), 18px);font-style:normal;font-weight:600\">Konsulenc\u00eb Menaxhuese<\/h2>\n\n\n\n<p style=\"font-size:clamp(14px, 0.875rem + ((1vw - 3.2px) * 0.196), 16px);\">Vlera Studio ofron k\u00ebshillim menaxhimi p\u00ebr t\u2019i ndihmuar organizatat t\u00eb nd\u00ebrtojn\u00eb struktura t\u00eb q\u00ebndrueshme dhe t\u00eb marrin vendime strategjike t\u00eb informuara. Ne mb\u00ebshtesim drejtuesit n\u00eb optimizimin e proceseve t\u00eb brendshme, p\u00ebrmir\u00ebsimin e qeverisjes dhe rritjen e efikasitetit operacional. Me kombinimin e ekspertiz\u00ebs ligjore dhe menaxheriale, ofrojm\u00eb zgjidhje q\u00eb sigurojn\u00eb qart\u00ebsi, stabilitet dhe zhvillim t\u00eb vazhduesh\u00ebm p\u00ebr \u00e7do biznes.<\/p>\n<\/div>\n\n\n\n<div class=\"wp-block-column has-border-radius has-background is-layout-flow wp-block-column-is-layout-flow\" style=\"background:radial-gradient(rgb(31,43,48) 0%,rgb(32,29,29) 22%,rgb(2,21,42) 100%);padding-top:20px;padding-right:20px;padding-bottom:20px;padding-left:20px\">\n<figure class=\"wp-block-image size-full has-primary-bg\"><img decoding=\"async\" src=\"https:\/\/vlerastudio.com\/wp-content\/themes\/consultingwp\/assets\/images\/users.png\" alt=\"\" class=\"wp-image-13047\"\/><\/figure>\n\n\n\n<h2 class=\"wp-block-heading has-heading-text-color-color has-text-color has-link-color wp-elements-558f4682ee806f8f08d021961f67d189\" style=\"font-size:clamp(14px, 0.875rem + ((1vw - 3.2px) * 0.392), 18px);font-style:normal;font-weight:600\">Konsulenc\u00eb p\u00ebr Burime Njer\u00ebzore<\/h2>\n\n\n\n<p style=\"font-size:clamp(14px, 0.875rem + ((1vw - 3.2px) * 0.196), 16px);\">Vlera Studio ofron konsulenc\u00eb t\u00eb specializuar n\u00eb menaxhimin e burimeve njer\u00ebzore, duke ndihmuar bizneset t\u00eb nd\u00ebrtojn\u00eb ekipe efikase dhe struktura t\u00eb qarta organizative. Ne asistojm\u00eb n\u00eb hartimin e politikave t\u00eb pun\u00ebs, p\u00ebrmir\u00ebsimin e proceseve t\u00eb rekrutimit, menaxhimin e performanc\u00ebs dhe sigurimin e pajtueshm\u00ebris\u00eb me legjislacionin e pun\u00ebs. Qasja jon\u00eb e integruar garanton harmoni organizative, transparenc\u00eb dhe zhvillim t\u00eb q\u00ebndruesh\u00ebm t\u00eb kapitalit njer\u00ebzor.<\/p>\n<\/div>\n<\/div>\n","protected":false},"excerpt":{"rendered":"<p>Sherbimet Tona Sh\u00ebrbimet e Konsulenc\u00ebs q\u00eb Ofrojm\u00eb Vlera Studio ofron nj\u00eb gam\u00eb t\u00eb gjer\u00eb sh\u00ebrbimesh konsulence t\u00eb orientuara drejt rritjes, efikasitetit dhe siguris\u00eb s\u00eb biznesit tuaj. Nga strategjia dhe menaxhimi, te financat, marketingu dhe burimet njer\u00ebzore, ne ofrojm\u00eb zgjidhje t\u00eb personalizuara q\u00eb adresojn\u00eb nevojat tuaja specifike dhe krijojn\u00eb vler\u00eb t\u00eb q\u00ebndrueshme n\u00eb \u00e7do hap. Konsulenc\u00eb [&hellip;]<\/p>\n","protected":false},"author":1,"featured_media":0,"parent":0,"menu_order":0,"comment_status":"closed","ping_status":"closed","template":"","meta":{"footnotes":""},"class_list":["post-30","page","type-page","status-publish","hentry"],"_links":{"self":[{"href":"https:\/\/vlerastudio.com\/index.php?rest_route=\/wp\/v2\/pages\/30","targetHints":{"allow":["GET"]}}],"collection":[{"href":"https:\/\/vlerastudio.com\/index.php?rest_route=\/wp\/v2\/pages"}],"about":[{"href":"https:\/\/vlerastudio.com\/index.php?rest_route=\/wp\/v2\/types\/page"}],"author":[{"embeddable":true,"href":"https:\/\/vlerastudio.com\/index.php?rest_route=\/wp\/v2\/users\/1"}],"replies":[{"embeddable":true,"href":"https:\/\/vlerastudio.com\/index.php?rest_route=%2Fwp%2Fv2%2Fcomments&post=30"}],"version-history":[{"count":5,"href":"https:\/\/vlerastudio.com\/index.php?rest_route=\/wp\/v2\/pages\/30\/revisions"}],"predecessor-version":[{"id":51,"href":"https:\/\/vlerastudio.com\/index.php?rest_route=\/wp\/v2\/pages\/30\/revisions\/51"}],"wp:attachment":[{"href":"https:\/\/vlerastudio.com\/index.php?rest_route=%2Fwp%2Fv2%2Fmedia&parent=30"}],"curies":[{"name":"wp","href":"https:\/\/api.w.org\/{rel}","templated":true}]}}