{"id":34,"date":"2025-12-08T10:58:06","date_gmt":"2025-12-08T10:58:06","guid":{"rendered":"https:\/\/vlerastudio.com\/?page_id=34"},"modified":"2025-12-09T09:53:36","modified_gmt":"2025-12-09T09:53:36","slug":"reth-nesh","status":"publish","type":"page","link":"https:\/\/vlerastudio.com\/?page_id=34","title":{"rendered":"Reth Nesh"},"content":{"rendered":"\n<main class=\"wp-block-group animated fadeInUp about-us-section has-background has-global-padding is-layout-constrained wp-container-core-group-is-layout-322c0e5d wp-block-group-is-layout-constrained\" style=\"background:linear-gradient(135deg,rgb(0,0,0) 0%,rgb(40,40,40) 11%,rgb(45,51,46) 51%,rgb(30,27,27) 100%);margin-top:0;margin-bottom:0;padding-top:var(--wp--preset--spacing--50);padding-right:0;padding-bottom:var(--wp--preset--spacing--50);padding-left:0\">\n<div class=\"wp-block-group is-layout-flow wp-block-group-is-layout-flow\" style=\"padding-right:25px;padding-left:25px\">\n<div class=\"wp-block-columns are-vertically-aligned-center is-layout-flex wp-container-core-columns-is-layout-7fc3d43a wp-block-columns-is-layout-flex\">\n<div class=\"wp-block-column is-vertically-aligned-center is-layout-flow wp-block-column-is-layout-flow\">\n<figure class=\"wp-block-image size-full has-custom-border wp-duotone-unset-1\"><img decoding=\"async\" src=\"https:\/\/vlerastudio.com\/wp-content\/themes\/consultingwp\/assets\/images\/banner-3.jpg\" alt=\"\" class=\"wp-image-13038\" style=\"border-radius:10px;object-fit:cover\"\/><\/figure>\n<\/div>\n\n\n\n<div class=\"wp-block-column is-vertically-aligned-center is-layout-flow wp-block-column-is-layout-flow\">\n<p class=\"consultingwp-sub-title\"><strong>Reth Nesh<\/strong><\/p>\n\n\n\n<h2 class=\"wp-block-heading has-heading-text-color-color has-text-color has-link-color has-body-font-family wp-elements-42629afab717c7e7f5618ac02f07ba9a\" style=\"font-size:clamp(20px, 1.25rem + ((1vw - 3.2px) * 1.176), 32px);font-style:normal;font-weight:600\">Bashkohuni me Konsulent\u00ebt tan\u00eb t\u00eb Besuar Sot.<\/h2>\n\n\n\n<p style=\"font-size:clamp(14px, 0.875rem + ((1vw - 3.2px) * 0.196), 16px);\">Bashk\u00ebpunoni me konsulent\u00ebt tan\u00eb t\u00eb besuar dhe p\u00ebrfitoni nga ekspertiza q\u00eb i jep biznesit tuaj qart\u00ebsi, siguri dhe drejtim strategjik. <\/p>\n\n\n\n<p style=\"font-size:clamp(14px, 0.875rem + ((1vw - 3.2px) * 0.196), 16px);\">N\u00eb Vlera Studio, ne ofrojm\u00eb zgjidhje profesionale dhe t\u00eb personalizuara, duke u siguruar q\u00eb \u00e7do hap t\u00eb jet\u00eb i mb\u00ebshtetur n\u00eb analiz\u00eb dhe p\u00ebrvoj\u00eb. Filloni sot p\u00ebr t\u00eb nd\u00ebrtuar t\u00eb ardhmen q\u00eb meritoni.<\/p>\n\n\n\n<div class=\"wp-block-buttons is-layout-flex wp-container-core-buttons-is-layout-531a9b47 wp-block-buttons-is-layout-flex\" style=\"margin-top:var(--wp--preset--spacing--30);margin-bottom:var(--wp--preset--spacing--30)\">\n<div class=\"wp-block-button\"><a class=\"wp-block-button__link wp-element-button\" href=\"tel:+355692084444\">Telefono Tani<\/a><\/div>\n<\/div>\n<\/div>\n<\/div>\n<\/div>\n<\/main>\n\n\n\n<main class=\"wp-block-group animated fadeInUp faq-section has-background has-global-padding is-layout-constrained wp-container-core-group-is-layout-ce357d70 wp-block-group-is-layout-constrained\" style=\"background:linear-gradient(180deg,rgb(4,2,2) 0%,rgb(35,34,6) 100%);margin-top:0;margin-bottom:0;padding-top:var(--wp--preset--spacing--50);padding-right:20px;padding-bottom:var(--wp--preset--spacing--50);padding-left:20px\">\n<div class=\"wp-block-columns are-vertically-aligned-center is-layout-flex wp-container-core-columns-is-layout-9a01b68c wp-block-columns-is-layout-flex\">\n<div class=\"wp-block-column is-vertically-aligned-center is-layout-flow wp-block-column-is-layout-flow\" style=\"padding-top:var(--wp--preset--spacing--10);padding-right:25px;padding-left:25px;flex-basis:50%\">\n<p class=\"has-text-align-left consultingwp-sub-title\"><strong>FAQ<\/strong><\/p>\n\n\n\n<h2 class=\"wp-block-heading has-heading-text-color-color has-text-color has-link-color has-body-font-family wp-elements-068d0af9251e3a74eba1633223a65a8f\" style=\"margin-bottom:var(--wp--preset--spacing--30);font-size:clamp(20px, 1.25rem + ((1vw - 3.2px) * 1.176), 32px);font-style:normal;font-weight:700\">Pyetje t\u00eb Shpeshta<\/h2>\n\n\n\n<p>K\u00ebtu do t\u00eb gjeni p\u00ebrgjigjet p\u00ebr pyetjet m\u00eb t\u00eb zakonshme q\u00eb klient\u00ebt tan\u00eb b\u00ebjn\u00eb rreth sh\u00ebrbimeve, procesit t\u00eb bashk\u00ebpunimit dhe m\u00ebnyr\u00ebs s\u00eb funksionimit t\u00eb Vlera Studio. Q\u00ebllimi yn\u00eb \u00ebsht\u00eb t\u2019ju ofrojm\u00eb transparenc\u00eb dhe qart\u00ebsi, n\u00eb m\u00ebnyr\u00eb q\u00eb t\u00eb merrni vendime t\u00eb informuara dhe t\u00eb ndiheni t\u00eb sigurt n\u00eb \u00e7do hap t\u00eb bashk\u00ebpunimit me ne.<\/p>\n<\/div>\n\n\n\n<div class=\"wp-block-column is-vertically-aligned-center is-layout-flow wp-block-column-is-layout-flow\" style=\"padding-top:var(--wp--preset--spacing--10);padding-right:25px;padding-left:25px;flex-basis:50%\">\n<details class=\"wp-block-details has-border-radius has-border-color has-primary-border-color has-heading-text-color-color has-primary-background-color has-text-color has-background has-link-color wp-elements-989b527f2b5dd495531988a7f7ec7005 is-layout-flow wp-container-core-details-is-layout-b879ef61 wp-block-details-is-layout-flow\" style=\"border-width:1px;padding-top:var(--wp--preset--spacing--10);padding-right:var(--wp--preset--spacing--10);padding-bottom:var(--wp--preset--spacing--10);padding-left:var(--wp--preset--spacing--10)\"><summary>\u00c7far\u00eb lloj sh\u00ebrbimesh ofron Vlera Studio?<\/summary>\n<p>Ofron k\u00ebshillim strategjik, juridik, financiar, menaxherial dhe operativ p\u00ebr biznese dhe individ\u00eb.<\/p>\n<\/details>\n\n\n\n<details class=\"wp-block-details has-border-radius has-border-color has-primary-border-color has-heading-text-color-color has-primary-background-color has-text-color has-background has-link-color wp-elements-4ab6c49484ddd34816141fb6a1b79c06 is-layout-flow wp-container-core-details-is-layout-b879ef61 wp-block-details-is-layout-flow\" style=\"border-width:1px;padding-top:var(--wp--preset--spacing--10);padding-right:var(--wp--preset--spacing--10);padding-bottom:var(--wp--preset--spacing--10);padding-left:var(--wp--preset--spacing--10)\"><summary>Si funksionon procesi i konsultimit?<\/summary>\n<p>Pasi na kontaktoni, caktojm\u00eb nj\u00eb takim fillestar ku analizojm\u00eb nevojat tuaja dhe propozojm\u00eb hapat e m\u00ebtejsh\u00ebm.<\/p>\n<\/details>\n\n\n\n<details class=\"wp-block-details has-border-radius has-border-color has-primary-border-color has-heading-text-color-color has-primary-background-color has-text-color has-background has-link-color wp-elements-ed3ff69cfbd04571cacd7c8dfbe2b3cd is-layout-flow wp-container-core-details-is-layout-b879ef61 wp-block-details-is-layout-flow\" style=\"border-width:1px;padding-top:var(--wp--preset--spacing--10);padding-right:var(--wp--preset--spacing--10);padding-bottom:var(--wp--preset--spacing--10);padding-left:var(--wp--preset--spacing--10)\"><summary>A ka kosto konsultimi i par\u00eb?<\/summary>\n<p>N\u00eb shumic\u00ebn e rasteve konsultimi i par\u00eb \u00ebsht\u00eb orientues dhe me kosto minimale ose falas, sipas natyr\u00ebs s\u00eb sh\u00ebrbimit.<\/p>\n<\/details>\n\n\n\n<details class=\"wp-block-details has-border-radius has-border-color has-primary-border-color has-heading-text-color-color has-primary-background-color has-text-color has-background has-link-color wp-elements-61d5d430dd921aad42c1b31db5a65ee8 is-layout-flow wp-container-core-details-is-layout-b879ef61 wp-block-details-is-layout-flow\" style=\"border-width:1px;padding-top:var(--wp--preset--spacing--10);padding-right:var(--wp--preset--spacing--10);padding-bottom:var(--wp--preset--spacing--10);padding-left:var(--wp--preset--spacing--10)\"><summary>Sa koh\u00eb zgjat nj\u00eb projekt k\u00ebshillimi?<\/summary>\n<p>Varet nga kompleksiteti\u2014projektet e thjeshta zgjasin disa dit\u00eb, nd\u00ebrsa strategjit\u00eb m\u00eb t\u00eb gjera disa jav\u00eb.<\/p>\n<\/details>\n\n\n\n<details class=\"wp-block-details has-border-radius has-border-color has-primary-border-color has-heading-text-color-color has-primary-background-color has-text-color has-background has-link-color wp-elements-e5df00031a21973aa568aa1f0fe29382 is-layout-flow wp-container-core-details-is-layout-b879ef61 wp-block-details-is-layout-flow\" style=\"border-width:1px;padding-top:var(--wp--preset--spacing--10);padding-right:var(--wp--preset--spacing--10);padding-bottom:var(--wp--preset--spacing--10);padding-left:var(--wp--preset--spacing--10)\"><summary>A mund t\u00eb punoni edhe me biznese t\u00eb vogla?<\/summary>\n<p>Po. Ofron zgjidhje t\u00eb personalizuara p\u00ebr \u00e7do lloj biznesi, nga startup-et deri te kompanit\u00eb e m\u00ebdha.<\/p>\n<\/details>\n<\/div>\n<\/div>\n<\/main>\n","protected":false},"excerpt":{"rendered":"<p>Reth Nesh Bashkohuni me Konsulent\u00ebt tan\u00eb t\u00eb Besuar Sot. Bashk\u00ebpunoni me konsulent\u00ebt tan\u00eb t\u00eb besuar dhe p\u00ebrfitoni nga ekspertiza q\u00eb i jep biznesit tuaj qart\u00ebsi, siguri dhe drejtim strategjik. N\u00eb Vlera Studio, ne ofrojm\u00eb zgjidhje profesionale dhe t\u00eb personalizuara, duke u siguruar q\u00eb \u00e7do hap t\u00eb jet\u00eb i mb\u00ebshtetur n\u00eb analiz\u00eb dhe p\u00ebrvoj\u00eb. Filloni sot [&hellip;]<\/p>\n","protected":false},"author":1,"featured_media":0,"parent":0,"menu_order":0,"comment_status":"closed","ping_status":"closed","template":"","meta":{"footnotes":""},"class_list":["post-34","page","type-page","status-publish","hentry"],"_links":{"self":[{"href":"https:\/\/vlerastudio.com\/index.php?rest_route=\/wp\/v2\/pages\/34","targetHints":{"allow":["GET"]}}],"collection":[{"href":"https:\/\/vlerastudio.com\/index.php?rest_route=\/wp\/v2\/pages"}],"about":[{"href":"https:\/\/vlerastudio.com\/index.php?rest_route=\/wp\/v2\/types\/page"}],"author":[{"embeddable":true,"href":"https:\/\/vlerastudio.com\/index.php?rest_route=\/wp\/v2\/users\/1"}],"replies":[{"embeddable":true,"href":"https:\/\/vlerastudio.com\/index.php?rest_route=%2Fwp%2Fv2%2Fcomments&post=34"}],"version-history":[{"count":3,"href":"https:\/\/vlerastudio.com\/index.php?rest_route=\/wp\/v2\/pages\/34\/revisions"}],"predecessor-version":[{"id":53,"href":"https:\/\/vlerastudio.com\/index.php?rest_route=\/wp\/v2\/pages\/34\/revisions\/53"}],"wp:attachment":[{"href":"https:\/\/vlerastudio.com\/index.php?rest_route=%2Fwp%2Fv2%2Fmedia&parent=34"}],"curies":[{"name":"wp","href":"https:\/\/api.w.org\/{rel}","templated":true}]}}